{"id":10985,"date":"2014-12-07T16:35:30","date_gmt":"2014-12-07T15:35:30","guid":{"rendered":"http:\/\/www.scc.si\/en\/?page_id=10985"},"modified":"2017-12-21T12:22:12","modified_gmt":"2017-12-21T11:22:12","slug":"distribucija","status":"publish","type":"page","link":"http:\/\/scc.si\/si\/distribucija\/","title":{"rendered":"Distribucija"},"content":{"rendered":"<p><div class=\"fusion-fullwidth fullwidth-box fusion-builder-row-1 fusion-parallax-none nonhundred-percent-fullwidth non-hundred-percent-height-scrolling\" style=\"--awb-background-position:left top;--awb-border-color:#e5e4e4;--awb-border-radius-top-left:0px;--awb-border-radius-top-right:0px;--awb-border-radius-bottom-right:0px;--awb-border-radius-bottom-left:0px;--awb-padding-top:55px;--awb-padding-bottom:40px;--awb-background-color:no;--awb-background-image:url(&quot;http:\/\/www.scc.si\/si\/wp-content\/uploads\/2014\/12\/scc_background-1.jpg&quot;);--awb-background-size:cover;--awb-border-sizes-top:0px;--awb-border-sizes-bottom:0px;--awb-flex-wrap:wrap;\" ><div class=\"fusion-builder-row fusion-row\"><div class=\"fusion-layout-column fusion_builder_column fusion-builder-column-0 fusion_builder_column_1_1 1_1 fusion-one-full fusion-column-first fusion-column-last fusion-column-no-min-height\" style=\"--awb-bg-size:cover;--awb-margin-bottom:0px;\"><div class=\"fusion-column-wrapper fusion-flex-column-wrapper-legacy\"><div class=\"fusion-text fusion-text-1\"><h1 style=\"text-align: center; font-size: 30px;\">Distribucijski programi<\/h1>\n<p style=\"text-align: center; margin-top: -10px; font-size: 17px;\">Distribucijski programi so vezani na pogodbe o zastopanju in distribuciji s kemijskimi, industrijskimi proizvajalci.<\/p>\n<p style=\"text-align: center; margin-top: -10px; font-size: 17px;\">Podrobnej\u0161o specifikacijo in predstavitev na\u0161ih <span class=\"fusion-tooltip tooltip-shortcode\" data-animation=\"\" data-delay=\"0\" data-placement=\"top\" data-title=\"Perstorp, EGE Kimya, Oxido, Ferro, Lenzing, American Chemet Corporation - USA, Kahl, Johnson Matthey Formox AB, Elixens, Floressence\" title=\"Perstorp, EGE Kimya, Oxido, Ferro, Lenzing, American Chemet Corporation - USA, Kahl, Johnson Matthey Formox AB, Elixens, Floressence\" data-toggle=\"tooltip\" data-trigger=\"hover\"><strong>distribucijskih programov<\/strong><\/span> lahko najdete v meniju distribucije.<\/p>\n<\/div><div class=\"fusion-clearfix\"><\/div><\/div><\/div><\/div><\/div><div class=\"fusion-fullwidth fullwidth-box fusion-builder-row-2 nonhundred-percent-fullwidth non-hundred-percent-height-scrolling\" style=\"--awb-background-position:left top;--awb-border-radius-top-left:0px;--awb-border-radius-top-right:0px;--awb-border-radius-bottom-right:0px;--awb-border-radius-bottom-left:0px;--awb-padding-top:20px;--awb-padding-bottom:20px;--awb-border-sizes-top:0px;--awb-border-sizes-bottom:0px;--awb-flex-wrap:wrap;\" ><div class=\"fusion-builder-row fusion-row\"><div class=\"fusion-layout-column fusion_builder_column fusion-builder-column-1 fusion_builder_column_1_1 1_1 fusion-one-full fusion-column-first fusion-column-last fusion-column-no-min-height\" style=\"--awb-bg-size:cover;--awb-margin-bottom:0px;\"><div class=\"fusion-column-wrapper fusion-flex-column-wrapper-legacy\"><div class=\"fusion-sep-clear\"><\/div><div class=\"fusion-separator fusion-has-icon fusion-full-width-sep\" style=\"margin-left: auto;margin-right: auto;margin-top:18px;margin-bottom:60px;width:100%;\"><div class=\"fusion-separator-border sep-single sep-solid\" style=\"--awb-height:20px;--awb-amount:20px;--awb-sep-color:#cdcdcd;border-color:#cdcdcd;border-top-width:1px;\"><\/div><span class=\"icon-wrapper\" style=\"border-color:#cdcdcd;background-color:rgba(255,255,255,0);font-size:13px;width: 1.75em; height: 1.75em;border-width:1px;padding:1px;margin-top:-0.5px\"><i class=\" fa fa-chevron-down\" style=\"font-size: inherit;color:#cdcdcd;\" aria-hidden=\"true\"><\/i><\/span><div class=\"fusion-separator-border sep-single sep-solid\" style=\"--awb-height:20px;--awb-amount:20px;--awb-sep-color:#cdcdcd;border-color:#cdcdcd;border-top-width:1px;\"><\/div><\/div><div class=\"fusion-sep-clear\"><\/div><div class=\"fusion-clearfix\"><\/div><\/div><\/div><div class=\"fusion-layout-column fusion_builder_column fusion-builder-column-2 fusion_builder_column_1_4 1_4 fusion-one-fourth fusion-column-first\" style=\"--awb-bg-size:cover;width:22%; margin-right: 4%;\"><div class=\"fusion-column-wrapper fusion-flex-column-wrapper-legacy\"><div class=\"fusion-text fusion-text-2\"><p><a title=\"Perstorp\" href=\"http:\/\/scc.si\/si\/perstorp\/\"><img decoding=\"async\" class=\"aligncenter wp-image-10989\" src=\"http:\/\/www.scc.si\/si\/wp-content\/uploads\/2013\/08\/logo_perstorp.jpg\" alt=\"logo_perstorp\" width=\"150\" height=\"56\" srcset=\"http:\/\/scc.si\/si\/wp-content\/uploads\/2013\/08\/logo_perstorp-300x112.jpg 300w, http:\/\/scc.si\/si\/wp-content\/uploads\/2013\/08\/logo_perstorp.jpg 908w\" sizes=\"(max-width: 150px) 100vw, 150px\" \/><\/a><\/p>\n<\/div><div class=\"fusion-clearfix\"><\/div><\/div><\/div><div class=\"fusion-layout-column fusion_builder_column fusion-builder-column-3 fusion_builder_column_1_4 1_4 fusion-one-fourth\" style=\"--awb-bg-size:cover;width:22%; margin-right: 4%;\"><div class=\"fusion-column-wrapper fusion-flex-column-wrapper-legacy\"><div class=\"fusion-text fusion-text-3\"><p><a title=\"Ege Kimya\" href=\"http:\/\/scc.si\/si\/ege-kimya\/\"><img decoding=\"async\" class=\"aligncenter wp-image-11037\" src=\"http:\/\/www.scc.si\/si\/wp-content\/uploads\/2014\/12\/ege_logo.png\" alt=\"ege_logo\" width=\"150\" height=\"46\" srcset=\"http:\/\/scc.si\/si\/wp-content\/uploads\/2014\/12\/ege_logo-300x92.png 300w, http:\/\/scc.si\/si\/wp-content\/uploads\/2014\/12\/ege_logo.png 1000w\" sizes=\"(max-width: 150px) 100vw, 150px\" \/><\/a><\/p>\n<\/div><div class=\"fusion-clearfix\"><\/div><\/div><\/div><div class=\"fusion-layout-column fusion_builder_column fusion-builder-column-4 fusion_builder_column_1_4 1_4 fusion-one-fourth\" style=\"--awb-bg-size:cover;width:22%; margin-right: 4%;\"><div class=\"fusion-column-wrapper fusion-flex-column-wrapper-legacy\"><div class=\"fusion-text fusion-text-4\"><p><a title=\"Oxido\" href=\"http:\/\/scc.si\/si\/oxido\/\"><img decoding=\"async\" class=\"aligncenter wp-image-11057\" src=\"http:\/\/www.scc.si\/si\/wp-content\/uploads\/2014\/12\/oxido_logo.png\" alt=\"oxido_logo\" width=\"113\" height=\"56\" srcset=\"http:\/\/scc.si\/si\/wp-content\/uploads\/2014\/12\/oxido_logo-300x149.png 300w, http:\/\/scc.si\/si\/wp-content\/uploads\/2014\/12\/oxido_logo-540x272.png 540w, http:\/\/scc.si\/si\/wp-content\/uploads\/2014\/12\/oxido_logo-700x354.png 700w, http:\/\/scc.si\/si\/wp-content\/uploads\/2014\/12\/oxido_logo.png 714w\" sizes=\"(max-width: 113px) 100vw, 113px\" \/><\/a><\/p>\n<\/div><div class=\"fusion-clearfix\"><\/div><\/div><\/div><div class=\"fusion-layout-column fusion_builder_column fusion-builder-column-5 fusion_builder_column_1_4 1_4 fusion-one-fourth fusion-column-last\" style=\"--awb-bg-size:cover;width:22%;\"><div class=\"fusion-column-wrapper fusion-flex-column-wrapper-legacy\"><div class=\"fusion-text fusion-text-5\"><p><a title=\"Ferro\" href=\"http:\/\/scc.si\/si\/ferro-italy\/\"><img decoding=\"async\" class=\"aligncenter wp-image-11065\" src=\"http:\/\/www.scc.si\/si\/wp-content\/uploads\/2014\/12\/ferro_logo.png\" alt=\"ferro_logo\" width=\"150\" height=\"34\" srcset=\"http:\/\/scc.si\/si\/wp-content\/uploads\/2014\/12\/ferro_logo-300x69.png 300w, http:\/\/scc.si\/si\/wp-content\/uploads\/2014\/12\/ferro_logo.png 762w\" sizes=\"(max-width: 150px) 100vw, 150px\" \/><\/a><\/p>\n<\/div><div class=\"fusion-clearfix\"><\/div><\/div><\/div><div class=\"fusion-layout-column fusion_builder_column fusion-builder-column-6 fusion_builder_column_1_1 1_1 fusion-one-full fusion-column-first fusion-column-last fusion-column-no-min-height\" style=\"--awb-bg-size:cover;--awb-margin-bottom:0px;\"><div class=\"fusion-column-wrapper fusion-flex-column-wrapper-legacy\"><div class=\"fusion-sep-clear\"><\/div><div class=\"fusion-separator fusion-full-width-sep\" style=\"margin-left: auto;margin-right: auto;width:100%;\"><div class=\"fusion-separator-border sep-single sep-solid\" style=\"--awb-height:20px;--awb-amount:20px;border-color:#e0dede;border-top-width:1px;\"><\/div><\/div><div class=\"fusion-sep-clear\"><\/div><div class=\"fusion-clearfix\"><\/div><\/div><\/div><\/div><\/div><div class=\"fusion-fullwidth fullwidth-box fusion-builder-row-3 nonhundred-percent-fullwidth non-hundred-percent-height-scrolling\" style=\"--awb-background-position:left top;--awb-border-radius-top-left:0px;--awb-border-radius-top-right:0px;--awb-border-radius-bottom-right:0px;--awb-border-radius-bottom-left:0px;--awb-padding-top:20px;--awb-padding-bottom:20px;--awb-border-sizes-top:0px;--awb-border-sizes-bottom:0px;--awb-flex-wrap:wrap;\" ><div class=\"fusion-builder-row fusion-row\"><div class=\"fusion-layout-column fusion_builder_column fusion-builder-column-7 fusion_builder_column_1_4 1_4 fusion-one-fourth fusion-column-first\" style=\"--awb-bg-size:cover;width:22%; margin-right: 4%;\"><div class=\"fusion-column-wrapper fusion-flex-column-wrapper-legacy\"><div class=\"fusion-text fusion-text-6\"><p><a title=\"Lenzing\" href=\"http:\/\/scc.si\/si\/lenzing\/\"><img decoding=\"async\" class=\"aligncenter wp-image-11075\" src=\"http:\/\/www.scc.si\/si\/wp-content\/uploads\/2014\/12\/lenzing_logo.png\" alt=\"lenzing_logo\" width=\"150\" height=\"39\" srcset=\"http:\/\/scc.si\/si\/wp-content\/uploads\/2014\/12\/lenzing_logo-300x79.png 300w, http:\/\/scc.si\/si\/wp-content\/uploads\/2014\/12\/lenzing_logo.png 1000w\" sizes=\"(max-width: 150px) 100vw, 150px\" \/><\/a><\/p>\n<\/div><div class=\"fusion-clearfix\"><\/div><\/div><\/div><div class=\"fusion-layout-column fusion_builder_column fusion-builder-column-8 fusion_builder_column_1_4 1_4 fusion-one-fourth\" style=\"--awb-bg-size:cover;width:22%; margin-right: 4%;\"><div class=\"fusion-column-wrapper fusion-flex-column-wrapper-legacy\"><div class=\"fusion-text fusion-text-7\"><p><a title=\"American Chemet\" href=\"http:\/\/scc.si\/si\/american-chemet\/\"><img decoding=\"async\" class=\"aligncenter wp-image-11087\" src=\"http:\/\/www.scc.si\/si\/wp-content\/uploads\/2014\/12\/logo_American_Chemet.png\" alt=\"logo_American_Chemet\" width=\"150\" height=\"52\" \/><\/a><\/p>\n<\/div><div class=\"fusion-clearfix\"><\/div><\/div><\/div><div class=\"fusion-layout-column fusion_builder_column fusion-builder-column-9 fusion_builder_column_1_4 1_4 fusion-one-fourth\" style=\"--awb-bg-size:cover;width:22%; margin-right: 4%;\"><div class=\"fusion-column-wrapper fusion-flex-column-wrapper-legacy\"><div class=\"fusion-text fusion-text-8\"><p><a title=\"KahlWax\" href=\"http:\/\/scc.si\/si\/kahlwax\/\"><img decoding=\"async\" class=\"aligncenter wp-image-11096\" src=\"http:\/\/www.scc.si\/si\/wp-content\/uploads\/2014\/12\/logo_Kahl.png\" alt=\"logo_Kahl\" width=\"150\" height=\"52\" srcset=\"http:\/\/scc.si\/si\/wp-content\/uploads\/2014\/12\/logo_Kahl-300x103.png 300w, http:\/\/scc.si\/si\/wp-content\/uploads\/2014\/12\/logo_Kahl-320x114.png 320w, http:\/\/scc.si\/si\/wp-content\/uploads\/2014\/12\/logo_Kahl.png 331w\" sizes=\"(max-width: 150px) 100vw, 150px\" \/><\/a><\/p>\n<\/div><div class=\"fusion-clearfix\"><\/div><\/div><\/div><div class=\"fusion-layout-column fusion_builder_column fusion-builder-column-10 fusion_builder_column_1_1 1_1 fusion-one-full fusion-column-last fusion-column-no-min-height\" style=\"--awb-bg-size:cover;--awb-margin-bottom:0px;\"><div class=\"fusion-column-wrapper fusion-flex-column-wrapper-legacy\"><div class=\"fusion-sep-clear\"><\/div><div class=\"fusion-separator fusion-full-width-sep\" style=\"margin-left: auto;margin-right: auto;width:100%;\"><div class=\"fusion-separator-border sep-single sep-solid\" style=\"--awb-height:20px;--awb-amount:20px;border-color:#e0dede;border-top-width:1px;\"><\/div><\/div><div class=\"fusion-sep-clear\"><\/div><div class=\"fusion-clearfix\"><\/div><\/div><\/div><\/div><\/div><div class=\"fusion-fullwidth fullwidth-box fusion-builder-row-4 nonhundred-percent-fullwidth non-hundred-percent-height-scrolling\" style=\"--awb-background-position:left top;--awb-border-radius-top-left:0px;--awb-border-radius-top-right:0px;--awb-border-radius-bottom-right:0px;--awb-border-radius-bottom-left:0px;--awb-padding-top:20px;--awb-padding-bottom:20px;--awb-border-sizes-top:0px;--awb-border-sizes-bottom:0px;--awb-flex-wrap:wrap;\" ><div class=\"fusion-builder-row fusion-row\"><div class=\"fusion-layout-column fusion_builder_column fusion-builder-column-11 fusion_builder_column_1_4 1_4 fusion-one-fourth fusion-column-first\" style=\"--awb-bg-size:cover;width:22%; margin-right: 4%;\"><div class=\"fusion-column-wrapper fusion-flex-column-wrapper-legacy\"><div class=\"fusion-text fusion-text-9\"><p><a title=\"Johnson Matthey Formox\" href=\"http:\/\/scc.si\/si\/jm-formox\/\"><img decoding=\"async\" class=\"aligncenter wp-image-11108\" src=\"http:\/\/www.scc.si\/si\/wp-content\/uploads\/2014\/12\/logo_johnson_matthey_formox.png\" alt=\"logo_johnson_matthey_formox\" width=\"150\" height=\"53\" srcset=\"http:\/\/scc.si\/si\/wp-content\/uploads\/2014\/12\/logo_johnson_matthey_formox-300x105.png 300w, http:\/\/scc.si\/si\/wp-content\/uploads\/2014\/12\/logo_johnson_matthey_formox.png 319w\" sizes=\"(max-width: 150px) 100vw, 150px\" \/><\/a><\/p>\n<\/div><div class=\"fusion-clearfix\"><\/div><\/div><\/div><div class=\"fusion-layout-column fusion_builder_column fusion-builder-column-12 fusion_builder_column_1_4 1_4 fusion-one-fourth\" style=\"--awb-bg-size:cover;width:22%; margin-right: 4%;\"><div class=\"fusion-column-wrapper fusion-flex-column-wrapper-legacy\"><div class=\"fusion-text fusion-text-10\"><p><a title=\"Arizona Chemicals\" href=\"http:\/\/scc.si\/si\/arizona-chemical\/\"><img decoding=\"async\" class=\"aligncenter wp-image-11785\" src=\"http:\/\/scc.si\/en\/wp-content\/uploads\/2015\/01\/arizona_logo.png\" alt=\"SCC d.o.o. | Arizona Chemical | Logo\" width=\"118\" height=\"56\" srcset=\"http:\/\/scc.si\/si\/wp-content\/uploads\/2015\/01\/arizona_logo-300x142.png 300w, http:\/\/scc.si\/si\/wp-content\/uploads\/2015\/01\/arizona_logo.png 1000w\" sizes=\"(max-width: 118px) 100vw, 118px\" \/><\/a><\/p>\n<\/div><div class=\"fusion-clearfix\"><\/div><\/div><\/div><div class=\"fusion-layout-column fusion_builder_column fusion-builder-column-13 fusion_builder_column_1_1 1_1 fusion-one-full fusion-column-last fusion-column-no-min-height\" style=\"--awb-bg-size:cover;--awb-margin-bottom:0px;\"><div class=\"fusion-column-wrapper fusion-flex-column-wrapper-legacy\"><div class=\"fusion-sep-clear\"><\/div><div class=\"fusion-separator fusion-has-icon fusion-full-width-sep\" style=\"margin-left: auto;margin-right: auto;margin-top:18px;margin-bottom:60px;width:100%;\"><div class=\"fusion-separator-border sep-single sep-solid\" style=\"--awb-height:20px;--awb-amount:20px;--awb-sep-color:#cdcdcd;border-color:#cdcdcd;border-top-width:1px;\"><\/div><span class=\"icon-wrapper\" style=\"border-color:#cdcdcd;background-color:rgba(255,255,255,0);font-size:13px;width: 1.75em; height: 1.75em;border-width:1px;padding:1px;margin-top:-0.5px\"><i class=\" fa fa-chevron-down\" style=\"font-size: inherit;color:#cdcdcd;\" aria-hidden=\"true\"><\/i><\/span><div class=\"fusion-separator-border sep-single sep-solid\" style=\"--awb-height:20px;--awb-amount:20px;--awb-sep-color:#cdcdcd;border-color:#cdcdcd;border-top-width:1px;\"><\/div><\/div><div class=\"fusion-sep-clear\"><\/div><div class=\"fusion-clearfix\"><\/div><\/div><\/div><\/div><\/div><div class=\"fusion-fullwidth fullwidth-box fusion-builder-row-5 nonhundred-percent-fullwidth non-hundred-percent-height-scrolling\" style=\"--awb-background-position:left top;--awb-border-radius-top-left:0px;--awb-border-radius-top-right:0px;--awb-border-radius-bottom-right:0px;--awb-border-radius-bottom-left:0px;--awb-padding-top:20px;--awb-padding-bottom:20px;--awb-border-sizes-top:0px;--awb-border-sizes-bottom:0px;--awb-flex-wrap:wrap;\" ><div class=\"fusion-builder-row fusion-row\"><div class=\"fusion-layout-column fusion_builder_column fusion-builder-column-14 fusion_builder_column_1_1 1_1 fusion-one-full fusion-column-first fusion-column-last fusion-column-no-min-height\" style=\"--awb-bg-size:cover;--awb-margin-bottom:0px;\"><div class=\"fusion-column-wrapper fusion-flex-column-wrapper-legacy\"><div class=\"fusion-content-boxes content-boxes columns row fusion-columns-3 fusion-columns-total-3 fusion-content-boxes-1 content-boxes-icon-with-title content-left\" style=\"--awb-hover-accent-color:#008abc;--awb-circle-hover-accent-color:#008abc;\" data-animationOffset=\"top-into-view\"><div style=\"--awb-backgroundcolor:rgba(255,255,255,0);\" class=\"fusion-column content-box-column content-box-column content-box-column-1 col-lg-4 col-md-4 col-sm-4 fusion-content-box-hover content-box-column-first-in-row\"><div class=\"col content-box-wrapper content-wrapper link-area-link-icon icon-hover-animation-fade\" data-animationOffset=\"top-into-view\"><div class=\"heading heading-with-icon icon-left\"><div class=\"icon\"><i style=\"border-color:#d3d3d3;border-width:1px;background-color:#d3d3d3;box-sizing:content-box;height:42px;width:42px;line-height:42px;border-radius:50%;font-size:21px;\" aria-hidden=\"true\" class=\"fontawesome-icon fa fa-users circle-yes\"><\/i><\/div><h2 class=\"content-box-heading\" style=\"--h2_typography-font-size:18px;line-height:23px;\">Sodelovanje s strokovnjaki<\/h2><\/div><div class=\"fusion-clearfix\"><\/div><div class=\"content-container\">\n<p>Re\u0161evanje zapletene situacije obi\u010dajno ni mogo\u010de dose\u010di\u00a0<span class=\"fusion-tooltip tooltip-shortcode\" data-animation=\"\" data-delay=\"0\" data-placement=\"top\" data-title=\"Zapletene situacije so na\u0161 izziv\" title=\"Zapletene situacije so na\u0161 izziv\" data-toggle=\"tooltip\" data-trigger=\"hover\"><strong>&#8220;out of the box&#8221;<\/strong><\/span>, zato imamo najbolj\u0161e strokovnjake s tega podro\u010dja!<\/p>\n<\/div><\/div><\/div><div style=\"--awb-backgroundcolor:rgba(255,255,255,0);\" class=\"fusion-column content-box-column content-box-column content-box-column-2 col-lg-4 col-md-4 col-sm-4 fusion-content-box-hover \"><div class=\"col content-box-wrapper content-wrapper link-area-link-icon icon-hover-animation-fade\" data-animationOffset=\"top-into-view\"><div class=\"heading heading-with-icon icon-left\"><div class=\"icon\"><i style=\"border-color:#d3d3d3;border-width:1px;background-color:#d3d3d3;box-sizing:content-box;height:42px;width:42px;line-height:42px;border-radius:50%;font-size:21px;\" aria-hidden=\"true\" class=\"fontawesome-icon fa fa-file-text circle-yes\"><\/i><\/div><h2 class=\"content-box-heading\" style=\"--h2_typography-font-size:18px;line-height:23px;\">Poznavanje zakonodaje<\/h2><\/div><div class=\"fusion-clearfix\"><\/div><div class=\"content-container\">\n<p>Pridobitev vseh potrebnih dovoljenj se \u0161teje kot obi\u010dajno. Vse delo je opravljeno v na\u0161i hi\u0161i\u00a0in v skladu <span class=\"fusion-tooltip tooltip-shortcode\" data-animation=\"\" data-delay=\"0\" data-placement=\"top\" data-title=\"Chemicals and processes in accordance with latest chemical laws and legislations\" title=\"Chemicals and processes in accordance with latest chemical laws and legislations\" data-toggle=\"tooltip\" data-trigger=\"hover\"><strong>s trenutno veljavno zakonodajo!<\/strong><\/span>\n<\/div><\/div><\/div><div style=\"--awb-backgroundcolor:rgba(255,255,255,0);\" class=\"fusion-column content-box-column content-box-column content-box-column-3 col-lg-4 col-md-4 col-sm-4 fusion-content-box-hover content-box-column-last content-box-column-last-in-row\"><div class=\"col content-box-wrapper content-wrapper link-area-link-icon icon-hover-animation-fade\" data-animationOffset=\"top-into-view\"><div class=\"heading heading-with-icon icon-left\"><div class=\"icon\"><i style=\"border-color:#d3d3d3;border-width:1px;background-color:#d3d3d3;box-sizing:content-box;height:42px;width:42px;line-height:42px;border-radius:50%;font-size:21px;\" aria-hidden=\"true\" class=\"fontawesome-icon fa fa-truck circle-yes\"><\/i><\/div><h2 class=\"content-box-heading\" style=\"--h2_typography-font-size:18px;line-height:23px;\">Celovitost storitev<\/h2><\/div><div class=\"fusion-clearfix\"><\/div><div class=\"content-container\">\n<p>Na\u010drtovanje, <span class=\"fusion-tooltip tooltip-shortcode\" data-animation=\"\" data-delay=\"0\" data-placement=\"top\" data-title=\"Vsa embala\u017ea ima dovoljenja za prevoz nevarnega blaga po ADR in RID zakonodaji\" title=\"Vsa embala\u017ea ima dovoljenja za prevoz nevarnega blaga po ADR in RID zakonodaji\" data-toggle=\"tooltip\" data-trigger=\"hover\"><strong>distribucija, prevoz<\/strong><\/span>, tr\u017eenje, izvedba in zastopanje; vse na enem mestu!<\/p>\n<\/div><\/div><\/div><div class=\"fusion-clearfix\"><\/div><\/div><div class=\"fusion-clearfix\"><\/div><\/div><\/div><\/div><\/div><\/p>\n","protected":false},"excerpt":{"rendered":"","protected":false},"author":2,"featured_media":0,"parent":0,"menu_order":0,"comment_status":"open","ping_status":"closed","template":"100-width.php","meta":{"footnotes":""},"class_list":["post-10985","page","type-page","status-publish","hentry"],"_links":{"self":[{"href":"http:\/\/scc.si\/si\/wp-json\/wp\/v2\/pages\/10985","targetHints":{"allow":["GET"]}}],"collection":[{"href":"http:\/\/scc.si\/si\/wp-json\/wp\/v2\/pages"}],"about":[{"href":"http:\/\/scc.si\/si\/wp-json\/wp\/v2\/types\/page"}],"author":[{"embeddable":true,"href":"http:\/\/scc.si\/si\/wp-json\/wp\/v2\/users\/2"}],"replies":[{"embeddable":true,"href":"http:\/\/scc.si\/si\/wp-json\/wp\/v2\/comments?post=10985"}],"version-history":[{"count":38,"href":"http:\/\/scc.si\/si\/wp-json\/wp\/v2\/pages\/10985\/revisions"}],"predecessor-version":[{"id":11946,"href":"http:\/\/scc.si\/si\/wp-json\/wp\/v2\/pages\/10985\/revisions\/11946"}],"wp:attachment":[{"href":"http:\/\/scc.si\/si\/wp-json\/wp\/v2\/media?parent=10985"}],"curies":[{"name":"wp","href":"https:\/\/api.w.org\/{rel}","templated":true}]}}