{"id":11173,"date":"2014-12-30T20:11:58","date_gmt":"2014-12-30T19:11:58","guid":{"rendered":"http:\/\/www.scc.si\/en\/?page_id=11173"},"modified":"2017-06-16T12:36:10","modified_gmt":"2017-06-16T11:36:10","slug":"industrijske-kemikalije","status":"publish","type":"page","link":"http:\/\/scc.si\/si\/industrijske-kemikalije\/","title":{"rendered":"Industrijske kemikalije"},"content":{"rendered":"<p><div class=\"fusion-fullwidth fullwidth-box fusion-builder-row-1 fusion-parallax-fixed nonhundred-percent-fullwidth non-hundred-percent-height-scrolling\" style=\"--awb-border-color:#e5e4e4;--awb-border-radius-top-left:0px;--awb-border-radius-top-right:0px;--awb-border-radius-bottom-right:0px;--awb-border-radius-bottom-left:0px;--awb-padding-top:100px;--awb-padding-bottom:100px;--awb-background-color:no;--awb-background-image:url(&quot;http:\/\/www.scc.si\/si\/wp-content\/uploads\/2012\/12\/scc_industrial_chemical.jpg&quot;);--awb-background-size:cover;--awb-border-sizes-top:1px;--awb-border-sizes-bottom:1px;--awb-flex-wrap:wrap;background-attachment:fixed;\" ><div class=\"fusion-builder-row fusion-row\"><div class=\"fusion-layout-column fusion_builder_column fusion-builder-column-0 fusion_builder_column_1_1 1_1 fusion-one-full fusion-column-first fusion-column-last fusion-column-no-min-height\" style=\"--awb-bg-size:cover;--awb-margin-bottom:0px;\"><div class=\"fusion-column-wrapper fusion-flex-column-wrapper-legacy\"><div class=\"fusion-text fusion-text-1\"><p><img decoding=\"async\" class=\" size-full wp-image-11178 aligncenter\" src=\"http:\/\/www.scc.si\/si\/wp-content\/uploads\/2014\/12\/scc_industrial_chemical3.png\" alt=\"scc_industrial_chemical3\" width=\"741\" height=\"209\" srcset=\"http:\/\/scc.si\/si\/wp-content\/uploads\/2014\/12\/scc_industrial_chemical3-300x85.png 300w, http:\/\/scc.si\/si\/wp-content\/uploads\/2014\/12\/scc_industrial_chemical3.png 741w\" sizes=\"(max-width: 741px) 100vw, 741px\" \/><\/p>\n<\/div><div class=\"fusion-clearfix\"><\/div><\/div><\/div><\/div><\/div><div class=\"fusion-fullwidth fullwidth-box fusion-builder-row-2 nonhundred-percent-fullwidth non-hundred-percent-height-scrolling\" style=\"--awb-background-position:left top;--awb-border-color:#e5e4e4;--awb-border-radius-top-left:0px;--awb-border-radius-top-right:0px;--awb-border-radius-bottom-right:0px;--awb-border-radius-bottom-left:0px;--awb-padding-top:55px;--awb-padding-right:0px;--awb-padding-bottom:40px;--awb-padding-left:0px;--awb-background-color:no;--awb-border-sizes-top:0px;--awb-border-sizes-bottom:0px;--awb-flex-wrap:wrap;\" ><div class=\"fusion-builder-row fusion-row\"><div class=\"fusion-layout-column fusion_builder_column fusion-builder-column-1 fusion_builder_column_1_1 1_1 fusion-one-full fusion-column-first fusion-column-last fusion-column-no-min-height\" style=\"--awb-bg-size:cover;--awb-margin-bottom:0px;\"><div class=\"fusion-column-wrapper fusion-flex-column-wrapper-legacy\"><div class=\"fusion-text fusion-text-2\"><h1 style=\"text-align: center; font-size: 30px;\">Industrijske <span class=\"fusion-tooltip tooltip-shortcode\" data-animation=\"\" data-delay=\"0\" data-placement=\"top\" data-title=\"Kemikalije\" title=\"Kemikalije\" data-toggle=\"tooltip\" data-trigger=\"hover\">kemikalije<\/span><\/h1>\n<p style=\"text-align: center; margin-top: -10px; font-size: 17px;\">Kemikalije so <span class=\"fusion-tooltip tooltip-shortcode\" data-animation=\"\" data-delay=\"0\" data-placement=\"top\" data-title=\"na zalogi\" title=\"na zalogi\" data-toggle=\"tooltip\" data-trigger=\"hover\"><strong>na zalogi<\/strong><\/span> v originalni embala\u017ei proizvajalca. SCC d.o.o. jih prodaja v veleprodajnih koli\u010dinah.<\/p>\n<p style=\"text-align: center; margin-top: -10px; font-size: 17px;\">Kemikalije so v skladu s <span class=\"fusion-tooltip tooltip-shortcode\" data-animation=\"\" data-delay=\"0\" data-placement=\"top\" data-title=\"kemijska zakonodaja\" title=\"kemijska zakonodaja\" data-toggle=\"tooltip\" data-trigger=\"hover\"><strong>kemijsko zakonodajo<\/strong><\/span>. Na\u0161 kader vam zagotavlja hitro in <span class=\"fusion-tooltip tooltip-shortcode\" data-animation=\"\" data-delay=\"0\" data-placement=\"top\" data-title=\"kakovostna storitev\" title=\"kakovostna storitev\" data-toggle=\"tooltip\" data-trigger=\"hover\"><strong>kakovostno storitev<\/strong><\/span>.<\/p>\n<p style=\"text-align: center; margin-top: -10px; font-size: 17px;\">Na voljo imamo vso potrebno transportno opremo, ki nam omogo\u010da dostavo blaga na\u0161im strankam kakor hitro je mogo\u010de.<\/p>\n<p style=\"text-align: center; margin-top: -10px; font-size: 17px;\">Vsa embala\u017ea ima dovoljenja za\u00a0<span class=\"fusion-tooltip tooltip-shortcode\" data-animation=\"\" data-delay=\"0\" data-placement=\"top\" data-title=\"prevoz\" title=\"prevoz\" data-toggle=\"tooltip\" data-trigger=\"hover\"><strong>prevoz<\/strong><\/span>\u00a0<span class=\"fusion-tooltip tooltip-shortcode\" data-animation=\"\" data-delay=\"0\" data-placement=\"top\" data-title=\"nevarnega blaga\" title=\"nevarnega blaga\" data-toggle=\"tooltip\" data-trigger=\"hover\"><strong>nevarnega blaga<\/strong><\/span> po <span class=\"fusion-tooltip tooltip-shortcode\" data-animation=\"\" data-delay=\"0\" data-placement=\"top\" data-title=\"ADR\" title=\"ADR\" data-toggle=\"tooltip\" data-trigger=\"hover\"><strong>ADR<\/strong><\/span> in <span class=\"fusion-tooltip tooltip-shortcode\" data-animation=\"\" data-delay=\"0\" data-placement=\"top\" data-title=\"RID\" title=\"RID\" data-toggle=\"tooltip\" data-trigger=\"hover\"><strong>RID<\/strong><\/span> zakonodaji.<\/p>\n<p style=\"text-align: center; margin-top: -10px; font-size: 17px;\">Ve\u010d informacij o na\u0161ih kemikalijah in programu najdete na prilo\u017eenem seznamu.<\/p>\n<\/div><div class=\"fusion-sep-clear\"><\/div><div class=\"fusion-separator fusion-has-icon fusion-full-width-sep\" style=\"margin-left: auto;margin-right: auto;margin-top:10px;width:100%;\"><div class=\"fusion-separator-border sep-single sep-solid\" style=\"--awb-height:20px;--awb-amount:20px;border-color:#e0dede;border-top-width:1px;\"><\/div><span class=\"icon-wrapper\" style=\"border-color:#e0dede;background-color:rgba(255,255,255,0);font-size:13px;width: 1.75em; height: 1.75em;border-width:1px;padding:1px;margin-top:-0.5px\"><i class=\" fa fa-chevron-down\" style=\"font-size: inherit;color:#e0dede;\" aria-hidden=\"true\"><\/i><\/span><div class=\"fusion-separator-border sep-single sep-solid\" style=\"--awb-height:20px;--awb-amount:20px;border-color:#e0dede;border-top-width:1px;\"><\/div><\/div><div class=\"fusion-sep-clear\"><\/div><div class=\"fusion-clearfix\"><\/div><\/div><\/div><\/div><\/div><div class=\"fusion-fullwidth fullwidth-box fusion-builder-row-3 nonhundred-percent-fullwidth non-hundred-percent-height-scrolling\" style=\"--awb-border-color:#f6f6f6;--awb-border-radius-top-left:0px;--awb-border-radius-top-right:0px;--awb-border-radius-bottom-right:0px;--awb-border-radius-bottom-left:0px;--awb-padding-top:50px;--awb-padding-right:0px;--awb-padding-bottom:0px;--awb-padding-left:0px;--awb-background-color:no;--awb-border-sizes-top:0px;--awb-border-sizes-bottom:0px;--awb-flex-wrap:wrap;\" ><div class=\"fusion-builder-row fusion-row\"><div class=\"fusion-layout-column fusion_builder_column fusion-builder-column-2 fusion_builder_column_1_1 1_1 fusion-one-full fusion-column-first fusion-column-last fusion-column-no-min-height\" style=\"--awb-bg-size:cover;--awb-margin-bottom:0px;\"><div class=\"fusion-column-wrapper fusion-flex-column-wrapper-legacy\"><div class=\"fusion-text fusion-text-3\"><div class=\"table-1\" align=\"center\">\n<table width=\"900\">\n<thead>\n<tr>\n<th colspan=\"3\" align=\"center\">\n<h2>Seznam kemikalij<\/h2>\n<\/th>\n<\/tr>\n<\/thead>\n<tbody>\n<tr>\n<td width=\"217\">ADIPINSKA KISLINA<\/td>\n<td width=\"217\">KALIJEV KLORID<\/td>\n<td width=\"217\">OCETNA KISLINA 100%<\/td>\n<\/tr>\n<tr>\n<td>ALKOHOLNI KIS<\/td>\n<td>KALIJEV NITRAT<\/td>\n<td>OKSALNA KISLINA<\/td>\n<\/tr>\n<tr>\n<td>ALUMINIJEV SULFAT<\/td>\n<td>KALIJEV SORBAT<\/td>\n<td>OSVE\u017dILNE BRISA\u010cE<\/td>\n<\/tr>\n<tr>\n<td>AMON PERSULFID<\/td>\n<td>KALIJEV SULFAT<\/td>\n<td>PENTAERITRITOL<\/td>\n<\/tr>\n<tr>\n<td>BAKRENI OKSIDI<\/td>\n<td>TUBES MADE OF BOARD<\/td>\n<td>PARAFIN<\/td>\n<\/tr>\n<tr>\n<td>BAZNI KROM SULFAT<\/td>\n<td>KERAFOSI<\/td>\n<td>PIGMENTI<\/td>\n<\/tr>\n<tr>\n<td>BENZIL ALKOHOL<\/td>\n<td>KOBALTOV OKTOAT<\/td>\n<td>TEXTIL AUXILARIES (TEOL, BASF)<\/td>\n<\/tr>\n<tr>\n<td>BOROVA KISLINA<\/td>\n<td>KOLOFONIJA<\/td>\n<td>LETHER AUXILARIES (TEOL, BASF)<\/td>\n<\/tr>\n<tr>\n<td>BUTANOL-normal<\/td>\n<td>KOPIRNI PAPIR A3, A4 \/copy right<\/td>\n<td>POPER &#8211; SOL twinpack<\/td>\n<\/tr>\n<tr>\n<td>BUTANOL-iso<\/td>\n<td>KROMOVA KISLINA<\/td>\n<td>PROPIONSKA KISLINA<\/td>\n<\/tr>\n<tr>\n<td>BUTIL ACETAT<\/td>\n<td>MAGNEZIJEV KLORID<\/td>\n<td>PROTEINSKI PRA\u0160KI<\/td>\n<\/tr>\n<tr>\n<td>CELULOZA<\/td>\n<td>MAGNEZIJEV OKSID<\/td>\n<td>SOL &#8211; JODIRANA<\/td>\n<\/tr>\n<tr>\n<td>CINK OKSID<\/td>\n<td>MAGNEZIJEV SULFAT<\/td>\n<td>SOL &#8211; INDUSTRIJSKA, kamena<\/td>\n<\/tr>\n<tr>\n<td>CINKOV KLORID<\/td>\n<td>MAGNEZITI<\/td>\n<td>SOL &#8211; INDUSTRIJSKA, morska<\/td>\n<\/tr>\n<tr>\n<td>CIRKONIJEV OKTOAT<\/td>\n<td>METANOL<\/td>\n<td>SOL &#8211; TABLETIRANA<\/td>\n<\/tr>\n<tr>\n<td>CITRONSKA KISLINA<\/td>\n<td>MRAVLJI\u010cNA KISLINA 85%<\/td>\n<td>SOL &#8211; ZA CESTE<\/td>\n<\/tr>\n<tr>\n<td>C-VITAMIN\/ASKORBINSKA KISLINA<\/td>\n<td>NATRIJEV ACETAT<\/td>\n<td>SOLNA KISLINA<\/td>\n<\/tr>\n<tr>\n<td>DIETILEN GLIKOL<\/td>\n<td>NATRIJEV BENZOAT<\/td>\n<td>STEARINSKA KISLINA<\/td>\n<\/tr>\n<tr>\n<td>DU\u0160IKOVA\u00a0KISLINA 58%<\/td>\n<td>NATRIJEV BIKARBONAT<\/td>\n<td>STRETCH FOLIJA 5kg<\/td>\n<\/tr>\n<tr>\n<td>2-ETHYLHEXANOIC ACID<\/td>\n<td>NATRIJEV BISULFAT &#8211; teko\u010di<\/td>\n<td>STRETCH FOLIJA 17kg<\/td>\n<\/tr>\n<tr>\n<td>ETILNI ALKOHOL 96%<\/td>\n<td>NATRIJEV DITIONIT &#8211; hidrosulfit<\/td>\n<td>TALOVE MA\u0160\u010cOBNE KISLINE IN SMOLE<\/td>\n<\/tr>\n<tr>\n<td>ETILNI ALKOHOL 99,9%<\/td>\n<td>NATRIJEV FORMIAT<\/td>\n<td>TITANIJEV DIOKSID<\/td>\n<\/tr>\n<tr>\n<td>ETILNI ALKOHOL 96% food grade<\/td>\n<td>NATRIJEV HIDROKSID &#8211; flakes<\/td>\n<td>TERMOSKR\u010cLJIVA FOLIJA<\/td>\n<\/tr>\n<tr>\n<td>ETILACETAT<\/td>\n<td>NATRIJEV HIDROKSID &#8211; pearls<\/td>\n<td>NATRIJEV FOSFAT<\/td>\n<\/tr>\n<tr>\n<td>FORMALDEHID<\/td>\n<td>NATRIJEV HIPOKLORIT<\/td>\n<td>UREA &#8211; SE\u010cNINA<\/td>\n<\/tr>\n<tr>\n<td>FOSFORNA KISLINA 75%<\/td>\n<td>NATRIJEV KARBONAT\/soda light<\/td>\n<td>VINSKA KISLINA<\/td>\n<\/tr>\n<tr>\n<td>FOSFORNA KISLINA\u00a075% preh.<\/td>\n<td>NATRIJEV KLORAT<\/td>\n<td>VODIKOV PEROKSID 30%<\/td>\n<\/tr>\n<tr>\n<td>FOSFORNA\u00a0KISLINA 85%<\/td>\n<td>NATRIJEV KLORID<\/td>\n<td>VODIKOV PEROKSID 35%<\/td>\n<\/tr>\n<tr>\n<td>GLICERIN-\u010disti<\/td>\n<td>NATRIJEV HIDROKSID &#8211; teko\u010di 48-52%<\/td>\n<td>VODNO STEKLO<\/td>\n<\/tr>\n<tr>\n<td>GLICERIN<\/td>\n<td>NATRIJEV METABISULFIT<\/td>\n<td>VODOFOSI<\/td>\n<\/tr>\n<tr>\n<td>HIDROFOSI<\/td>\n<td>NATRIJEV METASILIKAT PENTAHIDRAT<\/td>\n<td>VOSKI &#8211; \u010cEBELJI<\/td>\n<\/tr>\n<tr>\n<td>IBC KONTEJNERJI\u00a0ZA NEVARNO BLAGO<\/td>\n<td>NATRIJEV SULFAT<\/td>\n<td>\u00a0\u00a0\u00a0-KANDELILA<\/td>\n<\/tr>\n<tr>\n<td>IZOPROPILNI ALKOHOL<\/td>\n<td>NATRIJEV SULFID<\/td>\n<td>\u00a0\u00a0\u00a0-KARNAUBA<\/td>\n<\/tr>\n<tr>\n<td>KALCIJEV HIDROKSID\/apno<\/td>\n<td>NATRIJEV SULFIT<\/td>\n<td>\u00a0\u00a0\u00a0-SINTETI\u010cNI<\/td>\n<\/tr>\n<tr>\n<td>KALCIJEV KLORID<\/td>\n<td>NATRIJEV TRIPOLIFOSFAT<\/td>\n<td>WHITE SPIRIT 150-200%<\/td>\n<\/tr>\n<tr>\n<td>KALCIJEV OKTOAT<\/td>\n<td>NEOPENTILGLIKOL<\/td>\n<td>\u017dELEZOV TRIKLORID<\/td>\n<\/tr>\n<tr>\n<td>KALCIJEV STEARAT<\/td>\n<td>NEXCOAT 795<\/td>\n<td>\u017dELEZOV SULFAT<\/td>\n<\/tr>\n<tr>\n<td>KALIJEV HIDROKSID<\/td>\n<td>OCETNA KISLINA 80%<\/td>\n<td>\u017dVEPLENA KISLINA 98%<\/td>\n<\/tr>\n<tr>\n<td>KALIJEV KARBONAT<\/td>\n<td>OCETNA KISLINA 90%<\/td>\n<td><\/td>\n<\/tr>\n<\/tbody>\n<\/table>\n<\/div>\n<\/div><div class=\"fusion-sep-clear\"><\/div><div class=\"fusion-separator fusion-has-icon fusion-full-width-sep\" style=\"margin-left: auto;margin-right: auto;margin-top:30px;margin-bottom:50px;width:100%;\"><div class=\"fusion-separator-border sep-single sep-solid\" style=\"--awb-height:20px;--awb-amount:20px;border-color:#e0dede;border-top-width:1px;\"><\/div><span class=\"icon-wrapper\" style=\"border-color:#e0dede;background-color:rgba(255,255,255,0);font-size:13px;width: 1.75em; height: 1.75em;border-width:1px;padding:1px;margin-top:-0.5px\"><i class=\" fa fa-chevron-down\" style=\"font-size: inherit;color:#e0dede;\" aria-hidden=\"true\"><\/i><\/span><div class=\"fusion-separator-border sep-single sep-solid\" style=\"--awb-height:20px;--awb-amount:20px;border-color:#e0dede;border-top-width:1px;\"><\/div><\/div><div class=\"fusion-sep-clear\"><\/div><div class=\"fusion-clearfix\"><\/div><\/div><\/div><div class=\"fusion-layout-column fusion_builder_column fusion-builder-column-3 fusion_builder_column_1_1 1_1 fusion-one-full fusion-column-first fusion-column-last fusion-column-no-min-height\" style=\"--awb-bg-size:cover;--awb-margin-bottom:0px;\"><div class=\"fusion-column-wrapper fusion-flex-column-wrapper-legacy\"><div class=\"fusion-content-boxes content-boxes columns row fusion-columns-3 fusion-columns-total-3 fusion-content-boxes-1 content-boxes-icon-on-top content-left\" style=\"--awb-hover-accent-color:#008abc;--awb-circle-hover-accent-color:#008abc;\" data-animationOffset=\"top-into-view\"><div style=\"--awb-backgroundcolor:rgba(255,255,255,0);\" class=\"fusion-column content-box-column content-box-column content-box-column-1 col-lg-4 col-md-4 col-sm-4 fusion-content-box-hover content-box-column-first-in-row\"><div class=\"col content-box-wrapper content-wrapper link-area-link-icon link-type-text icon-hover-animation-fade\" data-animationOffset=\"top-into-view\"><div class=\"heading heading-with-icon icon-left\"><a class=\"heading-link\" href=\"http:\/\/scc.si\/si\/o-nas\/\" target=\"_self\"><div class=\"icon\"><i style=\"border-color:#333333;border-width:1px;background-color:#333333;box-sizing:content-box;height:42px;width:42px;line-height:42px;border-radius:50%;font-size:21px;\" aria-hidden=\"true\" class=\"fontawesome-icon fa fa-users circle-yes\"><\/i><\/div><h2 class=\"content-box-heading\" style=\"--h2_typography-font-size:18px;line-height:23px;\">Sodelovanje s strokovnjaki<\/h2><\/a><\/div><div class=\"fusion-clearfix\"><\/div><div class=\"content-container\">\n<p>Re\u0161evanje zapletene situacije obi\u010dajno ni mogo\u010de dose\u010di <span class=\"fusion-tooltip tooltip-shortcode\" data-animation=\"\" data-delay=\"0\" data-placement=\"top\" data-title=\"Zapletene situacije so na\u0161 izziv\" title=\"Zapletene situacije so na\u0161 izziv\" data-toggle=\"tooltip\" data-trigger=\"hover\"><strong>&#8220;out of the box&#8221;<\/strong><\/span>, zato imamo najbolj\u0161e strokovnjake s tega podro\u010dja!<\/p>\n<\/div><\/div><\/div><div style=\"--awb-backgroundcolor:rgba(255,255,255,0);\" class=\"fusion-column content-box-column content-box-column content-box-column-2 col-lg-4 col-md-4 col-sm-4 fusion-content-box-hover \"><div class=\"col content-box-wrapper content-wrapper link-area-link-icon link-type-text icon-hover-animation-fade\" data-animationOffset=\"top-into-view\"><div class=\"heading heading-with-icon icon-left\"><a class=\"heading-link\" href=\"http:\/\/scc.si\/si\/o-nas\/\" target=\"_self\"><div class=\"icon\"><i style=\"border-color:#333333;border-width:1px;background-color:#333333;box-sizing:content-box;height:42px;width:42px;line-height:42px;border-radius:50%;font-size:21px;\" aria-hidden=\"true\" class=\"fontawesome-icon fa fa-file-text circle-yes\"><\/i><\/div><h2 class=\"content-box-heading\" style=\"--h2_typography-font-size:18px;line-height:23px;\">Poznavanje zakonodaje<\/h2><\/a><\/div><div class=\"fusion-clearfix\"><\/div><div class=\"content-container\">\n<p>Pridobitev vseh potrebnih dovoljenj se \u0161teje kot obi\u010dajno. Vse delo je opravljeno v na\u0161i hi\u0161i in v skladu <span class=\"fusion-tooltip tooltip-shortcode\" data-animation=\"\" data-delay=\"0\" data-placement=\"top\" data-title=\"Kemikalije in postopki v skladu s trenutno veljavno zakonodajo\" title=\"Kemikalije in postopki v skladu s trenutno veljavno zakonodajo\" data-toggle=\"tooltip\" data-trigger=\"hover\"><strong>s trenutno veljavno zakonodajo!<\/strong><\/span>\n<\/div><\/div><\/div><div style=\"--awb-backgroundcolor:rgba(255,255,255,0);\" class=\"fusion-column content-box-column content-box-column content-box-column-3 col-lg-4 col-md-4 col-sm-4 fusion-content-box-hover content-box-column-last content-box-column-last-in-row\"><div class=\"col content-box-wrapper content-wrapper link-area-link-icon link-type-text icon-hover-animation-fade\" data-animationOffset=\"top-into-view\"><div class=\"heading heading-with-icon icon-left\"><a class=\"heading-link\" href=\"http:\/\/scc.si\/si\/o-nas\/\" target=\"_self\"><div class=\"icon\"><i style=\"border-color:#333333;border-width:1px;background-color:#333333;box-sizing:content-box;height:42px;width:42px;line-height:42px;border-radius:50%;font-size:21px;\" aria-hidden=\"true\" class=\"fontawesome-icon fa fa-truck circle-yes\"><\/i><\/div><h2 class=\"content-box-heading\" style=\"--h2_typography-font-size:18px;line-height:23px;\">Celovitost storitev<\/h2><\/a><\/div><div class=\"fusion-clearfix\"><\/div><div class=\"content-container\">\n<p>Na\u010drtovanje, <span class=\"fusion-tooltip tooltip-shortcode\" data-animation=\"\" data-delay=\"0\" data-placement=\"top\" data-title=\"Vsa embala\u017ea ima dovoljenje za prevoz nevarnih snovi po ADR in RID zakonodaji\" title=\"Vsa embala\u017ea ima dovoljenje za prevoz nevarnih snovi po ADR in RID zakonodaji\" data-toggle=\"tooltip\" data-trigger=\"hover\"><strong>distribucija, prevoz<\/strong><\/span>, tr\u017eenje, izvedba in zastopanje; vse na enem mestu!<\/p>\n<\/div><\/div><\/div><div class=\"fusion-clearfix\"><\/div><\/div><div class=\"fusion-clearfix\"><\/div><\/div><\/div><\/div><\/div><\/p>\n","protected":false},"excerpt":{"rendered":"","protected":false},"author":2,"featured_media":0,"parent":0,"menu_order":0,"comment_status":"open","ping_status":"closed","template":"100-width.php","meta":{"footnotes":""},"class_list":["post-11173","page","type-page","status-publish","hentry"],"_links":{"self":[{"href":"http:\/\/scc.si\/si\/wp-json\/wp\/v2\/pages\/11173","targetHints":{"allow":["GET"]}}],"collection":[{"href":"http:\/\/scc.si\/si\/wp-json\/wp\/v2\/pages"}],"about":[{"href":"http:\/\/scc.si\/si\/wp-json\/wp\/v2\/types\/page"}],"author":[{"embeddable":true,"href":"http:\/\/scc.si\/si\/wp-json\/wp\/v2\/users\/2"}],"replies":[{"embeddable":true,"href":"http:\/\/scc.si\/si\/wp-json\/wp\/v2\/comments?post=11173"}],"version-history":[{"count":25,"href":"http:\/\/scc.si\/si\/wp-json\/wp\/v2\/pages\/11173\/revisions"}],"predecessor-version":[{"id":11909,"href":"http:\/\/scc.si\/si\/wp-json\/wp\/v2\/pages\/11173\/revisions\/11909"}],"wp:attachment":[{"href":"http:\/\/scc.si\/si\/wp-json\/wp\/v2\/media?parent=11173"}],"curies":[{"name":"wp","href":"https:\/\/api.w.org\/{rel}","templated":true}]}}